{"id":803,"date":"2025-11-20T10:09:02","date_gmt":"2025-11-20T10:09:02","guid":{"rendered":"https:\/\/eyeofwhale.com\/recursos\/"},"modified":"2026-04-02T14:10:08","modified_gmt":"2026-04-02T14:10:08","slug":"resources","status":"publish","type":"page","link":"https:\/\/eyeofwhale.com\/en\/resources\/","title":{"rendered":"Resources"},"content":{"rendered":"\n<style type=\"text\/css\" data-created_by=\"avia_inline_auto\" id=\"style-css-av-1hpcz-0bd0d93819feb7d9313f4dd5b1ef0baa\">\n.avia-section.av-1hpcz-0bd0d93819feb7d9313f4dd5b1ef0baa{\nbackground-repeat:no-repeat;\nbackground-image:url(https:\/\/eyeofwhale.com\/wp-content\/uploads\/2026\/01\/eye_bg.jpg);\nbackground-position:50% 50%;\nbackground-attachment:scroll;\n}\n.avia-section.av-1hpcz-0bd0d93819feb7d9313f4dd5b1ef0baa .av-section-color-overlay{\nopacity:0.5;\nbackground-color:#000000;\n}\n<\/style>\n<div id='av_section_1'  class='avia-section av-1hpcz-0bd0d93819feb7d9313f4dd5b1ef0baa main_color avia-section-default avia-no-border-styling  avia-builder-el-0  el_before_av_blog  avia-builder-el-first  avia-full-stretch avia-bg-style-scroll av-section-color-overlay-active av-minimum-height av-minimum-height-50 av-height-50  container_wrap fullsize'  data-section-bg-repeat='stretch' data-av_minimum_height_pc='50' data-av_min_height_opt='50'><div class=\"av-section-color-overlay-wrap\"><div class=\"av-section-color-overlay\"><\/div><div class='container av-section-cont-open' ><main  role=\"main\" itemprop=\"mainContentOfPage\"  class='template-page content  av-content-full alpha units'><div class='post-entry post-entry-type-page post-entry-803'><div class='entry-content-wrapper clearfix'>\n<div  class='flex_column av-14s8j-3bb75ab40c0c7442a82694fdd309cbf0 av_one_full  avia-builder-el-1  avia-builder-el-no-sibling  first flex_column_div  '     ><style type=\"text\/css\" data-created_by=\"avia_inline_auto\" id=\"style-css-av-mknwq5db-77f1349c3b262cbe1d5443ce30650f4b\">\n#top .av-special-heading.av-mknwq5db-77f1349c3b262cbe1d5443ce30650f4b{\npadding-bottom:10px;\ncolor:#ffffff;\n}\nbody .av-special-heading.av-mknwq5db-77f1349c3b262cbe1d5443ce30650f4b .av-special-heading-tag .heading-char{\nfont-size:25px;\n}\n.av-special-heading.av-mknwq5db-77f1349c3b262cbe1d5443ce30650f4b .special-heading-inner-border{\nborder-color:#ffffff;\n}\n.av-special-heading.av-mknwq5db-77f1349c3b262cbe1d5443ce30650f4b .av-subheading{\nfont-size:15px;\n}\n<\/style>\n<div  class='av-special-heading av-mknwq5db-77f1349c3b262cbe1d5443ce30650f4b av-special-heading-h1 custom-color-heading blockquote modern-quote modern-centered  avia-builder-el-2  avia-builder-el-no-sibling '><h1 class='av-special-heading-tag '  itemprop=\"headline\"  >Resources<\/h1><div class='av_custom_color av-subheading av-subheading_below'><p>Home | Resources<\/p>\n<\/div><div class=\"special-heading-border\"><div class=\"special-heading-inner-border\"><\/div><\/div><\/div><\/div><\/div><\/div><\/main><!-- close content main element --><\/div><\/div><\/div><div id='after_section_1'  class='main_color av_default_container_wrap container_wrap fullsize'  ><div class='container av-section-cont-open' ><div class='template-page content  av-content-full alpha units'><div class='post-entry post-entry-type-page post-entry-803'><div class='entry-content-wrapper clearfix'><div  data-slideshow-options=\"{&quot;animation&quot;:&quot;fade&quot;,&quot;autoplay&quot;:false,&quot;loop_autoplay&quot;:&quot;once&quot;,&quot;interval&quot;:5,&quot;loop_manual&quot;:&quot;manual-endless&quot;,&quot;autoplay_stopper&quot;:false,&quot;noNavigation&quot;:false,&quot;show_slide_delay&quot;:90}\" class='avia-content-slider avia-content-grid-active avia-content-slider1 avia-content-slider-even  avia-builder-el-3  el_after_av_section  avia-builder-el-no-sibling  av-slideshow-ui av-control-default   av-no-slider-navigation av-slideshow-manual av-loop-once av-loop-manual-endless '  itemscope=\"itemscope\" itemtype=\"https:\/\/schema.org\/Blog\" ><div class=\"avia-content-slider-inner\"><div class=\"slide-entry-wrap\"><article class='slide-entry flex_column  post-entry post-entry-839 slide-entry-overview slide-loop-1 slide-parity-odd  av_one_fourth first real-thumbnail posttype-post post-format-standard'  itemscope=\"itemscope\" itemtype=\"https:\/\/schema.org\/CreativeWork\" ><a href='https:\/\/eyeofwhale.com\/en\/understanding-your-companys-profitability\/' data-rel='slide-1' class='slide-image' title='Understanding your company&#8217;s profitability'><img decoding=\"async\" fetchpriority=\"high\" width=\"260\" height=\"185\" src=\"https:\/\/eyeofwhale.com\/wp-content\/uploads\/2026\/01\/video_4-260x185.jpg\" class=\"wp-image-840 avia-img-lazy-loading-not-840 attachment-portfolio_small size-portfolio_small wp-post-image\" alt=\"Eye Of Whale | Business management consulting\" \/><\/a><div class=\"slide-content\"><header class=\"entry-content-header\" aria-label=\"Slide: Understanding your company&#039;s profitability\"><h3 class='slide-entry-title entry-title '  itemprop=\"headline\" ><a href='https:\/\/eyeofwhale.com\/en\/understanding-your-companys-profitability\/' title='Understanding your company&#8217;s profitability'>Understanding your company&#8217;s profitability<\/a><\/h3><span class=\"av-vertical-delimiter\"><\/span><\/header><div class=\"slide-meta\"><time class='slide-meta-time updated'  itemprop=\"datePublished\" datetime=\"2026-01-21T11:21:38+00:00\" >January 21, 2026<\/time><\/div><div class='slide-entry-excerpt entry-content'  itemprop=\"text\" >\r\n\r\n\r\n\r\n\r\n\r\n\r\n99% of companies focus on the Income Statement\u2026<\/div><\/div><footer class=\"entry-footer\"><\/footer><span class='hidden'>\n\t\t\t\t<span class='av-structured-data'  itemprop=\"image\" itemscope=\"itemscope\" itemtype=\"https:\/\/schema.org\/ImageObject\" >\n\t\t\t\t\t\t<span itemprop='url'>https:\/\/eyeofwhale.com\/wp-content\/uploads\/2026\/01\/video_4.jpg<\/span>\n\t\t\t\t\t\t<span itemprop='height'>1080<\/span>\n\t\t\t\t\t\t<span itemprop='width'>1920<\/span>\n\t\t\t\t<\/span>\n\t\t\t\t<span class='av-structured-data'  itemprop=\"publisher\" itemtype=\"https:\/\/schema.org\/Organization\" itemscope=\"itemscope\" >\n\t\t\t\t\t\t<span itemprop='name'>admin<\/span>\n\t\t\t\t\t\t<span itemprop='logo' itemscope itemtype='https:\/\/schema.org\/ImageObject'>\n\t\t\t\t\t\t\t<span itemprop='url'>https:\/\/eyeofwhale.com\/wp-content\/uploads\/2026\/04\/eye_of_whale_logo2.png<\/span>\n\t\t\t\t\t\t<\/span>\n\t\t\t\t<\/span><span class='av-structured-data'  itemprop=\"author\" itemscope=\"itemscope\" itemtype=\"https:\/\/schema.org\/Person\" ><span itemprop='name'>admin<\/span><\/span><span class='av-structured-data'  itemprop=\"datePublished\" datetime=\"2025-11-20T10:09:02+00:00\" >2026-01-21 11:21:38<\/span><span class='av-structured-data'  itemprop=\"dateModified\" itemtype=\"https:\/\/schema.org\/dateModified\" >2026-04-02 14:16:01<\/span><span class='av-structured-data'  itemprop=\"mainEntityOfPage\" itemtype=\"https:\/\/schema.org\/mainEntityOfPage\" ><span itemprop='name'>Understanding your company&#8217;s profitability<\/span><\/span><\/span><\/article><article class='slide-entry flex_column  post-entry post-entry-841 slide-entry-overview slide-loop-2 slide-parity-even  av_one_fourth  real-thumbnail posttype-post post-format-standard'  itemscope=\"itemscope\" itemtype=\"https:\/\/schema.org\/CreativeWork\" ><a href='https:\/\/eyeofwhale.com\/en\/the-whale-panel-the-improvements-and-challenges-for-your-company\/' data-rel='slide-1' class='slide-image' title='The Whale Panel: Improvements and Challenges for Your Company'><img decoding=\"async\" fetchpriority=\"high\" width=\"260\" height=\"185\" src=\"https:\/\/eyeofwhale.com\/wp-content\/uploads\/2026\/01\/video3-260x185.avif\" class=\"wp-image-842 avia-img-lazy-loading-not-842 attachment-portfolio_small size-portfolio_small wp-post-image\" alt=\"Eye Of Whale | Business management consulting\" \/><\/a><div class=\"slide-content\"><header class=\"entry-content-header\" aria-label=\"Slide: The Whale Panel: Improvements and Challenges for Your Company\"><h3 class='slide-entry-title entry-title '  itemprop=\"headline\" ><a href='https:\/\/eyeofwhale.com\/en\/the-whale-panel-the-improvements-and-challenges-for-your-company\/' title='The Whale Panel: Improvements and Challenges for Your Company'>The Whale Panel: Improvements and Challenges for Your Company<\/a><\/h3><span class=\"av-vertical-delimiter\"><\/span><\/header><div class=\"slide-meta\"><time class='slide-meta-time updated'  itemprop=\"datePublished\" datetime=\"2026-01-21T11:17:14+00:00\" >January 21, 2026<\/time><\/div><div class='slide-entry-excerpt entry-content'  itemprop=\"text\" >The 360\u00ba diagnostic we conduct for a company at EYE OF WHALE,\u2026<\/div><\/div><footer class=\"entry-footer\"><\/footer><span class='hidden'>\n\t\t\t\t<span class='av-structured-data'  itemprop=\"image\" itemscope=\"itemscope\" itemtype=\"https:\/\/schema.org\/ImageObject\" >\n\t\t\t\t\t\t<span itemprop='url'>https:\/\/eyeofwhale.com\/wp-content\/uploads\/2026\/01\/video3.avif<\/span>\n\t\t\t\t\t\t<span itemprop='height'>582<\/span>\n\t\t\t\t\t\t<span itemprop='width'>740<\/span>\n\t\t\t\t<\/span>\n\t\t\t\t<span class='av-structured-data'  itemprop=\"publisher\" itemtype=\"https:\/\/schema.org\/Organization\" itemscope=\"itemscope\" >\n\t\t\t\t\t\t<span itemprop='name'>admin<\/span>\n\t\t\t\t\t\t<span itemprop='logo' itemscope itemtype='https:\/\/schema.org\/ImageObject'>\n\t\t\t\t\t\t\t<span itemprop='url'>https:\/\/eyeofwhale.com\/wp-content\/uploads\/2026\/04\/eye_of_whale_logo2.png<\/span>\n\t\t\t\t\t\t<\/span>\n\t\t\t\t<\/span><span class='av-structured-data'  itemprop=\"author\" itemscope=\"itemscope\" itemtype=\"https:\/\/schema.org\/Person\" ><span itemprop='name'>admin<\/span><\/span><span class='av-structured-data'  itemprop=\"datePublished\" datetime=\"2025-11-20T10:09:02+00:00\" >2026-01-21 11:17:14<\/span><span class='av-structured-data'  itemprop=\"dateModified\" itemtype=\"https:\/\/schema.org\/dateModified\" >2026-04-02 14:16:45<\/span><span class='av-structured-data'  itemprop=\"mainEntityOfPage\" itemtype=\"https:\/\/schema.org\/mainEntityOfPage\" ><span itemprop='name'>The Whale Panel: Improvements and Challenges for Your Company<\/span><\/span><\/span><\/article><article class='slide-entry flex_column  post-entry post-entry-843 slide-entry-overview slide-loop-3 slide-parity-odd  av_one_fourth  real-thumbnail posttype-post post-format-standard'  itemscope=\"itemscope\" itemtype=\"https:\/\/schema.org\/CreativeWork\" ><a href='https:\/\/eyeofwhale.com\/en\/taking-control-of-time-is-a-fundamental-necessity-for-consulting\/' data-rel='slide-1' class='slide-image' title='Taking control of time is a fundamental necessity for consulting.'><img decoding=\"async\" fetchpriority=\"high\" width=\"260\" height=\"185\" src=\"https:\/\/eyeofwhale.com\/wp-content\/uploads\/2026\/01\/video_2-260x185.jpg\" class=\"wp-image-838 avia-img-lazy-loading-not-838 attachment-portfolio_small size-portfolio_small wp-post-image\" alt=\"Eye of Whale | Consultor\u00eda empresarial\" \/><\/a><div class=\"slide-content\"><header class=\"entry-content-header\" aria-label=\"Slide: Taking control of time is a fundamental necessity for consulting.\"><h3 class='slide-entry-title entry-title '  itemprop=\"headline\" ><a href='https:\/\/eyeofwhale.com\/en\/taking-control-of-time-is-a-fundamental-necessity-for-consulting\/' title='Taking control of time is a fundamental necessity for consulting.'>Taking control of time is a fundamental necessity for consulting.<\/a><\/h3><span class=\"av-vertical-delimiter\"><\/span><\/header><div class=\"slide-meta\"><time class='slide-meta-time updated'  itemprop=\"datePublished\" datetime=\"2026-01-21T11:14:23+00:00\" >January 21, 2026<\/time><\/div><div class='slide-entry-excerpt entry-content'  itemprop=\"text\" >At EYE OF WHALE, we consider that a consulting firm is a \u201cservice\u2026<\/div><\/div><footer class=\"entry-footer\"><\/footer><span class='hidden'>\n\t\t\t\t<span class='av-structured-data'  itemprop=\"image\" itemscope=\"itemscope\" itemtype=\"https:\/\/schema.org\/ImageObject\" >\n\t\t\t\t\t\t<span itemprop='url'>https:\/\/eyeofwhale.com\/wp-content\/uploads\/2026\/01\/video_2.jpg<\/span>\n\t\t\t\t\t\t<span itemprop='height'>840<\/span>\n\t\t\t\t\t\t<span itemprop='width'>1350<\/span>\n\t\t\t\t<\/span>\n\t\t\t\t<span class='av-structured-data'  itemprop=\"publisher\" itemtype=\"https:\/\/schema.org\/Organization\" itemscope=\"itemscope\" >\n\t\t\t\t\t\t<span itemprop='name'>admin<\/span>\n\t\t\t\t\t\t<span itemprop='logo' itemscope itemtype='https:\/\/schema.org\/ImageObject'>\n\t\t\t\t\t\t\t<span itemprop='url'>https:\/\/eyeofwhale.com\/wp-content\/uploads\/2026\/04\/eye_of_whale_logo2.png<\/span>\n\t\t\t\t\t\t<\/span>\n\t\t\t\t<\/span><span class='av-structured-data'  itemprop=\"author\" itemscope=\"itemscope\" itemtype=\"https:\/\/schema.org\/Person\" ><span itemprop='name'>admin<\/span><\/span><span class='av-structured-data'  itemprop=\"datePublished\" datetime=\"2025-11-20T10:09:02+00:00\" >2026-01-21 11:14:23<\/span><span class='av-structured-data'  itemprop=\"dateModified\" itemtype=\"https:\/\/schema.org\/dateModified\" >2026-04-02 14:19:11<\/span><span class='av-structured-data'  itemprop=\"mainEntityOfPage\" itemtype=\"https:\/\/schema.org\/mainEntityOfPage\" ><span itemprop='name'>Taking control of time is a fundamental necessity for consulting.<\/span><\/span><\/span><\/article><article class='slide-entry flex_column  post-entry post-entry-844 slide-entry-overview slide-loop-4 slide-parity-even  post-entry-last  av_one_fourth  real-thumbnail posttype-post post-format-standard'  itemscope=\"itemscope\" itemtype=\"https:\/\/schema.org\/CreativeWork\" ><a href='https:\/\/eyeofwhale.com\/en\/time-is-treasure\/' data-rel='slide-1' class='slide-image' title='Time is THE Treasure'><img decoding=\"async\" fetchpriority=\"high\" width=\"260\" height=\"185\" src=\"https:\/\/eyeofwhale.com\/wp-content\/uploads\/2025\/10\/video_-260x185.jpg\" class=\"wp-image-845 avia-img-lazy-loading-not-845 attachment-portfolio_small size-portfolio_small wp-post-image\" alt=\"Eye of Whale | Consultor\u00eda empresarial\" \/><\/a><div class=\"slide-content\"><header class=\"entry-content-header\" aria-label=\"Slide: Time is THE Treasure\"><h3 class='slide-entry-title entry-title '  itemprop=\"headline\" ><a href='https:\/\/eyeofwhale.com\/en\/time-is-treasure\/' title='Time is THE Treasure'>Time is THE Treasure<\/a><\/h3><span class=\"av-vertical-delimiter\"><\/span><\/header><div class=\"slide-meta\"><time class='slide-meta-time updated'  itemprop=\"datePublished\" datetime=\"2025-10-29T10:23:32+00:00\" >October 29, 2025<\/time><\/div><div class='slide-entry-excerpt entry-content'  itemprop=\"text\" >En un mundo donde el tic-tac del reloj \u23f0 dicta nuestras vidas,\u2026<\/div><\/div><footer class=\"entry-footer\"><\/footer><span class='hidden'>\n\t\t\t\t<span class='av-structured-data'  itemprop=\"image\" itemscope=\"itemscope\" itemtype=\"https:\/\/schema.org\/ImageObject\" >\n\t\t\t\t\t\t<span itemprop='url'>https:\/\/eyeofwhale.com\/wp-content\/uploads\/2025\/10\/video_.jpg<\/span>\n\t\t\t\t\t\t<span itemprop='height'>1080<\/span>\n\t\t\t\t\t\t<span itemprop='width'>1726<\/span>\n\t\t\t\t<\/span>\n\t\t\t\t<span class='av-structured-data'  itemprop=\"publisher\" itemtype=\"https:\/\/schema.org\/Organization\" itemscope=\"itemscope\" >\n\t\t\t\t\t\t<span itemprop='name'>admin<\/span>\n\t\t\t\t\t\t<span itemprop='logo' itemscope itemtype='https:\/\/schema.org\/ImageObject'>\n\t\t\t\t\t\t\t<span itemprop='url'>https:\/\/eyeofwhale.com\/wp-content\/uploads\/2026\/04\/eye_of_whale_logo2.png<\/span>\n\t\t\t\t\t\t<\/span>\n\t\t\t\t<\/span><span class='av-structured-data'  itemprop=\"author\" itemscope=\"itemscope\" itemtype=\"https:\/\/schema.org\/Person\" ><span itemprop='name'>admin<\/span><\/span><span class='av-structured-data'  itemprop=\"datePublished\" datetime=\"2025-11-20T10:09:02+00:00\" >2025-10-29 10:23:32<\/span><span class='av-structured-data'  itemprop=\"dateModified\" itemtype=\"https:\/\/schema.org\/dateModified\" >2026-04-02 14:25:57<\/span><span class='av-structured-data'  itemprop=\"mainEntityOfPage\" itemtype=\"https:\/\/schema.org\/mainEntityOfPage\" ><span itemprop='name'>Time is THE Treasure<\/span><\/span><\/span><\/article><\/div><\/div><\/div><\/p>\n","protected":false},"excerpt":{"rendered":"","protected":false},"author":1,"featured_media":0,"parent":0,"menu_order":0,"comment_status":"closed","ping_status":"closed","template":"","meta":{"footnotes":""},"class_list":["post-803","page","type-page","status-publish","hentry"],"yoast_head":"<!-- This site is optimized with the Yoast SEO plugin v27.5 - https:\/\/yoast.com\/product\/yoast-seo-wordpress\/ -->\n<title>Recursos de margen de venta, PyG anal\u00edtica y SAP Business One - Eye Of Whale<\/title>\n<meta name=\"description\" content=\"Art\u00edculos, v\u00eddeos y recursos pr\u00e1cticos sobre Margen de Venta, PyG anal\u00edtica y control de gesti\u00f3n para empresas que usan SAP Business One.\" \/>\n<meta name=\"robots\" content=\"noindex, follow, max-snippet:-1, max-image-preview:large, max-video-preview:-1\" \/>\n<meta property=\"og:locale\" content=\"en_US\" \/>\n<meta property=\"og:type\" content=\"article\" \/>\n<meta property=\"og:title\" content=\"Recursos de margen de venta, PyG anal\u00edtica y SAP Business One - Eye Of Whale\" \/>\n<meta property=\"og:description\" content=\"Art\u00edculos, v\u00eddeos y recursos pr\u00e1cticos sobre Margen de Venta, PyG anal\u00edtica y control de gesti\u00f3n para empresas que usan SAP Business One.\" \/>\n<meta property=\"og:url\" content=\"https:\/\/eyeofwhale.com\/en\/resources\/\" \/>\n<meta property=\"og:site_name\" content=\"Eye Of Whale\" \/>\n<meta property=\"article:modified_time\" content=\"2026-04-02T14:10:08+00:00\" \/>\n<meta name=\"twitter:card\" content=\"summary_large_image\" \/>\n<meta name=\"twitter:label1\" content=\"Est. reading time\" \/>\n\t<meta name=\"twitter:data1\" content=\"2 minutes\" \/>\n<script type=\"application\/ld+json\" class=\"yoast-schema-graph\">{\"@context\":\"https:\\\/\\\/schema.org\",\"@graph\":[{\"@type\":\"WebPage\",\"@id\":\"https:\\\/\\\/eyeofwhale.com\\\/en\\\/resources\\\/\",\"url\":\"https:\\\/\\\/eyeofwhale.com\\\/en\\\/resources\\\/\",\"name\":\"Recursos de margen de venta, PyG anal\u00edtica y SAP Business One - Eye Of Whale\",\"isPartOf\":{\"@id\":\"https:\\\/\\\/eyeofwhale.com\\\/en\\\/#website\"},\"datePublished\":\"2025-11-20T10:09:02+00:00\",\"dateModified\":\"2026-04-02T14:10:08+00:00\",\"description\":\"Art\u00edculos, v\u00eddeos y recursos pr\u00e1cticos sobre Margen de Venta, PyG anal\u00edtica y control de gesti\u00f3n para empresas que usan SAP Business One.\",\"breadcrumb\":{\"@id\":\"https:\\\/\\\/eyeofwhale.com\\\/en\\\/resources\\\/#breadcrumb\"},\"inLanguage\":\"en-US\",\"potentialAction\":[{\"@type\":\"ReadAction\",\"target\":[\"https:\\\/\\\/eyeofwhale.com\\\/en\\\/resources\\\/\"]}]},{\"@type\":\"BreadcrumbList\",\"@id\":\"https:\\\/\\\/eyeofwhale.com\\\/en\\\/resources\\\/#breadcrumb\",\"itemListElement\":[{\"@type\":\"ListItem\",\"position\":1,\"name\":\"Portada\",\"item\":\"https:\\\/\\\/eyeofwhale.com\\\/en\\\/home\\\/\"},{\"@type\":\"ListItem\",\"position\":2,\"name\":\"Resources\"}]},{\"@type\":\"WebSite\",\"@id\":\"https:\\\/\\\/eyeofwhale.com\\\/en\\\/#website\",\"url\":\"https:\\\/\\\/eyeofwhale.com\\\/en\\\/\",\"name\":\"Eye Of Whale\",\"description\":\"\",\"publisher\":{\"@id\":\"https:\\\/\\\/eyeofwhale.com\\\/en\\\/#organization\"},\"potentialAction\":[{\"@type\":\"SearchAction\",\"target\":{\"@type\":\"EntryPoint\",\"urlTemplate\":\"https:\\\/\\\/eyeofwhale.com\\\/en\\\/?s={search_term_string}\"},\"query-input\":{\"@type\":\"PropertyValueSpecification\",\"valueRequired\":true,\"valueName\":\"search_term_string\"}}],\"inLanguage\":\"en-US\"},{\"@type\":\"Organization\",\"@id\":\"https:\\\/\\\/eyeofwhale.com\\\/en\\\/#organization\",\"name\":\"Eye Of Whale\",\"url\":\"https:\\\/\\\/eyeofwhale.com\\\/en\\\/\",\"logo\":{\"@type\":\"ImageObject\",\"inLanguage\":\"en-US\",\"@id\":\"https:\\\/\\\/eyeofwhale.com\\\/en\\\/#\\\/schema\\\/logo\\\/image\\\/\",\"url\":\"https:\\\/\\\/eyeofwhale.com\\\/wp-content\\\/uploads\\\/2026\\\/01\\\/EYEOFWHALE_ico.png\",\"contentUrl\":\"https:\\\/\\\/eyeofwhale.com\\\/wp-content\\\/uploads\\\/2026\\\/01\\\/EYEOFWHALE_ico.png\",\"width\":652,\"height\":657,\"caption\":\"Eye Of Whale\"},\"image\":{\"@id\":\"https:\\\/\\\/eyeofwhale.com\\\/en\\\/#\\\/schema\\\/logo\\\/image\\\/\"},\"sameAs\":[\"https:\\\/\\\/www.linkedin.com\\\/company\\\/11804584\\\/admin\\\/dashboard\\\/\"]}]}<\/script>\n<!-- \/ Yoast SEO plugin. -->","yoast_head_json":{"title":"Recursos de margen de venta, PyG anal\u00edtica y SAP Business One - Eye Of Whale","description":"Art\u00edculos, v\u00eddeos y recursos pr\u00e1cticos sobre Margen de Venta, PyG anal\u00edtica y control de gesti\u00f3n para empresas que usan SAP Business One.","robots":{"index":"noindex","follow":"follow","max-snippet":"max-snippet:-1","max-image-preview":"max-image-preview:large","max-video-preview":"max-video-preview:-1"},"og_locale":"en_US","og_type":"article","og_title":"Recursos de margen de venta, PyG anal\u00edtica y SAP Business One - Eye Of Whale","og_description":"Art\u00edculos, v\u00eddeos y recursos pr\u00e1cticos sobre Margen de Venta, PyG anal\u00edtica y control de gesti\u00f3n para empresas que usan SAP Business One.","og_url":"https:\/\/eyeofwhale.com\/en\/resources\/","og_site_name":"Eye Of Whale","article_modified_time":"2026-04-02T14:10:08+00:00","twitter_card":"summary_large_image","twitter_misc":{"Est. reading time":"2 minutes"},"schema":{"@context":"https:\/\/schema.org","@graph":[{"@type":"WebPage","@id":"https:\/\/eyeofwhale.com\/en\/resources\/","url":"https:\/\/eyeofwhale.com\/en\/resources\/","name":"Recursos de margen de venta, PyG anal\u00edtica y SAP Business One - Eye Of Whale","isPartOf":{"@id":"https:\/\/eyeofwhale.com\/en\/#website"},"datePublished":"2025-11-20T10:09:02+00:00","dateModified":"2026-04-02T14:10:08+00:00","description":"Art\u00edculos, v\u00eddeos y recursos pr\u00e1cticos sobre Margen de Venta, PyG anal\u00edtica y control de gesti\u00f3n para empresas que usan SAP Business One.","breadcrumb":{"@id":"https:\/\/eyeofwhale.com\/en\/resources\/#breadcrumb"},"inLanguage":"en-US","potentialAction":[{"@type":"ReadAction","target":["https:\/\/eyeofwhale.com\/en\/resources\/"]}]},{"@type":"BreadcrumbList","@id":"https:\/\/eyeofwhale.com\/en\/resources\/#breadcrumb","itemListElement":[{"@type":"ListItem","position":1,"name":"Portada","item":"https:\/\/eyeofwhale.com\/en\/home\/"},{"@type":"ListItem","position":2,"name":"Resources"}]},{"@type":"WebSite","@id":"https:\/\/eyeofwhale.com\/en\/#website","url":"https:\/\/eyeofwhale.com\/en\/","name":"Eye Of Whale","description":"","publisher":{"@id":"https:\/\/eyeofwhale.com\/en\/#organization"},"potentialAction":[{"@type":"SearchAction","target":{"@type":"EntryPoint","urlTemplate":"https:\/\/eyeofwhale.com\/en\/?s={search_term_string}"},"query-input":{"@type":"PropertyValueSpecification","valueRequired":true,"valueName":"search_term_string"}}],"inLanguage":"en-US"},{"@type":"Organization","@id":"https:\/\/eyeofwhale.com\/en\/#organization","name":"Eye Of Whale","url":"https:\/\/eyeofwhale.com\/en\/","logo":{"@type":"ImageObject","inLanguage":"en-US","@id":"https:\/\/eyeofwhale.com\/en\/#\/schema\/logo\/image\/","url":"https:\/\/eyeofwhale.com\/wp-content\/uploads\/2026\/01\/EYEOFWHALE_ico.png","contentUrl":"https:\/\/eyeofwhale.com\/wp-content\/uploads\/2026\/01\/EYEOFWHALE_ico.png","width":652,"height":657,"caption":"Eye Of Whale"},"image":{"@id":"https:\/\/eyeofwhale.com\/en\/#\/schema\/logo\/image\/"},"sameAs":["https:\/\/www.linkedin.com\/company\/11804584\/admin\/dashboard\/"]}]}},"_links":{"self":[{"href":"https:\/\/eyeofwhale.com\/en\/wp-json\/wp\/v2\/pages\/803","targetHints":{"allow":["GET"]}}],"collection":[{"href":"https:\/\/eyeofwhale.com\/en\/wp-json\/wp\/v2\/pages"}],"about":[{"href":"https:\/\/eyeofwhale.com\/en\/wp-json\/wp\/v2\/types\/page"}],"author":[{"embeddable":true,"href":"https:\/\/eyeofwhale.com\/en\/wp-json\/wp\/v2\/users\/1"}],"replies":[{"embeddable":true,"href":"https:\/\/eyeofwhale.com\/en\/wp-json\/wp\/v2\/comments?post=803"}],"version-history":[{"count":1,"href":"https:\/\/eyeofwhale.com\/en\/wp-json\/wp\/v2\/pages\/803\/revisions"}],"predecessor-version":[{"id":1000,"href":"https:\/\/eyeofwhale.com\/en\/wp-json\/wp\/v2\/pages\/803\/revisions\/1000"}],"wp:attachment":[{"href":"https:\/\/eyeofwhale.com\/en\/wp-json\/wp\/v2\/media?parent=803"}],"curies":[{"name":"wp","href":"https:\/\/api.w.org\/{rel}","templated":true}]}}